{"id":9,"date":"2009-10-13T12:01:15","date_gmt":"2009-10-13T10:01:15","guid":{"rendered":"http:\/\/www.schurzundpartners.at\/wp\/?page_id=9"},"modified":"2010-07-21T12:25:23","modified_gmt":"2010-07-21T10:25:23","slug":"publikationen","status":"publish","type":"page","link":"http:\/\/www.schurzundpartners.at\/wp\/?page_id=9","title":{"rendered":"Publikationen"},"content":{"rendered":"<p>Idden zur Erweiterung der Hochschule und des Museums f\u00fcr angewandte Kunst in Wien<\/p>\n<p>Meisterklasse f\u00fcr Architektur Prof. Holzbauer<\/p>\n<p>Hochschule f\u00fcr angewandte Kunst, Wien, M\u00e4rz 1980.<\/p>\n<p>Arbeiten der Meisterklasse f\u00fcr Architektur W. Holzbauer<\/p>\n<p><em>(in: Projekte, Studien und Skizzen 1977-1981, Wien 1981).<\/em><\/p>\n<p>Veldner Architektur-Impressionen<em> (in: Kleine Zeitung 1982).<\/em><\/p>\n<p>Ein Haus f\u00fcr Karl Friedrich Schinkel<em> (in: Sterz Nr.21, Graz 1982).<\/em><\/p>\n<p>Fachjournal Wettbewerbe 34<em> (in: Fachzeitschrift 7.Jg. 1983).<\/em><\/p>\n<p>Gro\u00dfe Probleme mit der kleinen Form<em> (in: Wohnbau 2 \/ 1984).<\/em><\/p>\n<p>Die Karte &#8211; Titel: Zur\u00fcck.\u00a0<em> (Unver\u00f6ffentlicht 1984).<\/em><\/p>\n<p>Fachjournal Wettbewerbe 40\/41<em> (in: Fachzeitschrift 8.Jg. 1984).<\/em><\/p>\n<p>Kann man ohne Geschichte leben? und wenn nicht: kann man Geschichte einbauen?<em> <\/em><\/p>\n<p><em> (in: Kleine Zeitung. 1984).<\/em><\/p>\n<p>Fachjournal Wettbewerbe 35\/36<em> (in: Fachzeitschrift 8.Jg. 1984).<\/em><\/p>\n<p>Gutachten: Steinhaus in Steindorf<em> (in: Stellungnahme f\u00fcr die Ortsbildpflegekommission 1985).<\/em><\/p>\n<p>Fachjournal Wettbewerbe 47\/48<em> (in: Fachzeitschrift 9.Jg. 1985).<\/em><\/p>\n<p>Fachjournal Wettbewerbe 56\/57<em> (in: Fachzeitschrift 10.Jg. 1986).<\/em><\/p>\n<p>One-Family House in Wood<em> <\/em><\/p>\n<p><em>(in: The International Anonymous Design Competition, Ljubljana \/ Slovenj Gradec 1986).<\/em><\/p>\n<p>Der K\u00e4rntner Architekt S.M. Schiffler<em> (in: Die Br\u00fccke 2\/1986).<\/em><\/p>\n<p>Fachjournal Wettbewerbe 62\/63<em> (in: Fachzeitschrift 11.Jg. 1987).<\/em><\/p>\n<p>Fachjournal Wettbewerbe 70\/71<em> (in: Fachzeitschrift 12.Jg. 1988).<\/em><\/p>\n<p>Fachjournal Wettbewerbe 74\/75<em> (in: Fachzeitschrift 12.Jg. 1988).<\/em><\/p>\n<p>Fachjournal Wettbewerbe 76\/77<em> (in: Fachzeitschrift 12.Jg. 1988).<\/em><\/p>\n<p>Fachjournal Wettbewerbe 86\/87<em> (in: Fachzeitschrift 13.Jg. 1989).<\/em><\/p>\n<p>Die Einrichtung von Hotels als Unterhaltungsarchitektur<em> <\/em><\/p>\n<p><em>(in: \u00d6sterr. Gesellschaft f\u00fcr Angewandte Fremdenverkehrs-wissenschaften, Wien 1991).<\/em><\/p>\n<p>Das Hotel Crystal in Obergurgl\u00a0oder der Aufbruch in die &gt;Zeite Tiroler Moderne&lt;<em> <\/em><\/p>\n<p><em>(in: Pressedienst &#8211; \u00d6sterreichwerbung, Frankfurt, Dezember 1991.)<\/em><\/p>\n<p>Schulbauprogramm der Stadt Wien 1992-1995<em> <\/em><\/p>\n<p><em>(in: Magistrat der Stadt Wien, Magistratsabteilung 19, 1991)<\/em><\/p>\n<p>&gt;HOTEL BERGHOF&lt; oder\u00a0Die ZUKUNFT ZUGUNSTEN DER VERGANGENHEIT AUFGEBEN<\/p>\n<p><em> (in: Pressedienst &#8211; \u00d6sterreichwerbung, Frankfurt, M\u00e4rz 1992.)<\/em><\/p>\n<p>Fachjournal Wettbewerbe 109\/110<em> (in: Fachzeitschrift 16.Jg. 1992).<\/em><\/p>\n<p>Landschaft und Architektur: Zur \u00f6kologischen Kapazit\u00e4t des Standortes<\/p>\n<p><em>(in: \u00d6sterr. Gesellschaft f\u00fcr Angewandte Fremdenverkehrs-wissenschaften, Wien 1992).<\/em><\/p>\n<p>Fachjournal Wettbewerbe 115\/116<em> (in: Fachzeitschrift 16.Jg. 1992).<\/em><\/p>\n<p>M\u00f6bel f\u00fcr sich  &#8211;Ausgew\u00e4hlte St\u00fccke \u00f6sterreichischer ArchitektInnen<\/p>\n<p>Pr\u00e4sentation centroform im unterGRUND, Wien 1992<\/p>\n<p>\u00d6sterreichisches Kulturinstitut New York<em> <\/em><\/p>\n<p><em>(in: Haymon &#8211; Verlag, Hsg. Ernst Bliem, Innsbruck 1993).<\/em><\/p>\n<p>Fachjournal Wettbewerbe 127\/128<em> (in: Fachzeitschrift 17.Jg. 1993).<\/em><\/p>\n<p>Schulbauprogramm 2000 der Stadt Wien<em> (in: GESIBA, 10 \/ 1993)<\/em><\/p>\n<p>Schulbauprogramm der Stadt Wien 1992-1996<em> <\/em><\/p>\n<p><em>(in: Magistrat der Stadt Wien, Magistratsabteilung 19, 1993)<\/em><\/p>\n<p>Schulbauprogramm 2000<em> (in: der aufbau &#8211; PERSPEKTIVEN, Heft 5 \/ 1993)<\/em><\/p>\n<p>Lern- und Lebensraum Schule<em> (in: Zement &amp; Beton, Hochbau 3 \/ 1994)<\/em><\/p>\n<p>Verwaltungsbau &amp; Industriearchitektur<em> (in: architektur, Heft Oktober 1994)<\/em><\/p>\n<p>Holz und Stein, Bauen in K\u00e4rnten<em> (in: Katalog &#8211; HdA, Klagenfurt 1994)<\/em><\/p>\n<p>K\u00e4rntner Landesbaupreis<em> (in: DIE BR\u00dcCKE, 20.Jg. Nr.4\/1994)<\/em><\/p>\n<p>Architekturjournal Wettbewerbe 139\/140<em> (in: Fachzeitschrift 19.Jg. J\u00e4n.\/Feb.1995).<\/em><\/p>\n<p>Ideenwettbewerb Bruneck<em> <\/em><\/p>\n<p><em>(in: Journal der Architekturkammer Bozen, Trimestrale Anno X, 33\/3 Februar 1995)<\/em><\/p>\n<p>Dach und Architektur<em> (in: architektur Fachmagazin, Heft April 1995)<\/em><\/p>\n<p>Bauen f\u00fcr Kinder<em> (in: architektur Fachmagazin, Heft Mai 1995)<\/em><\/p>\n<p>Fachjournal Wettbewerbe 143\/144<em> (in: Fachzeitschrift 19.Jg. Juni\/Juli 1995).<\/em><\/p>\n<p>tempor\u00e4re Architektur<em> (in: architektur Fachmagazin, Heft September 1995)<\/em><\/p>\n<p>Der Architekt und sein Heim<em> (in: architektur Fachmagazin, Heft Oktober 1995)<\/em><\/p>\n<p>Fachjournal Wettbewerbe 145\/146<em> (in: Fachzeitschrift 19.Jg. September\/Oktober 1995).<\/em><\/p>\n<p>Ein Haus f\u00fcr Trabanten<em> (in: Architektur &amp; Bauforum 28.Jg., 177 \/ 1995)<\/em><\/p>\n<p>ALPE ADRIA \/ Architekturparallelen<em> <\/em><\/p>\n<p><em>(in: Band K\u00e4rnten, Hsg. K\u00e4rntens Haus der Architektur 1995)<\/em><\/p>\n<p>Projekte junger K\u00e4rntner Architekten<em> (in:  DIE BR\u00dcCKE, 21.Jg. Nr.4\/1995)<\/em><\/p>\n<p>Design und INNENARCHITEKTUR<em> (in: architektur Fachmagazin, Heft 2, Februar 1996)<\/em><\/p>\n<p>Wiener Messe &#8220;Bauen &amp; Wohnen 96&#8221;<em> <\/em><\/p>\n<p><em>(in: besser WOHNEN, \u00d6sterr. Wohnzeitschrift Nr.3, M\u00e4rz 1996)<\/em><\/p>\n<p>Kinderg\u00e4rten, Kindertagesst\u00e4tten<em> (in: aw  architektur + wettbewerbe Nr.165,  Stuttgart 1996)<\/em><\/p>\n<p>Junge Architektur in K\u00e4rnten<em> (in: Hsg. J.A.K., Falle u. G\u00e4rtner, Chemnitz 1996)<\/em><\/p>\n<p>Franz Baumgartner, Architekt<em> (in: DIE BR\u00dcCKE, 22.Jg. Nr.1\/1996)<\/em><\/p>\n<p>ARZTpraxen<em> (in: architektur Fachmagazin, Heft 2, M\u00e4rz 1997)<\/em><\/p>\n<p>W\u00fcrdigungspreis 1996 f\u00fcr Sigmund Mathias Schiffler<em> (in: architektur, Heft 2, M\u00e4rz 1997)<\/em><\/p>\n<p>Bauen im Alpenraum<em> (in: Schwerpunkt Holz in Murau, Doku., Verlag V.M.M.I 1997)<\/em><\/p>\n<p>Stadt, Land<em> (in: Architektur &amp; Bauforum, Heftnr.:188, Mai\/Juni  1997)<\/em><\/p>\n<p>Franz Baumgartner im Spiegel der Zeit &#8211; oder<\/p>\n<p>Die Architektur-Introduktion in K\u00e4rnten durch Franz Baumgartner 1876-1946<em> <\/em><\/p>\n<p><em>(in: Architekt Franz Baumgartner 1876-1946,  Ritter Verl. 2. erw. Auflage, Klagenfurt 1997)<\/em><\/p>\n<p>Signifikante Struktur im Kontext zur Umgebung<\/p>\n<p>Wohnanlage Essling<em> (in: architektur Fachmagazin, Heft 6, Oktober 1997)<\/em><\/p>\n<p>Europan E\u00dfling<em> (in: Bebauungsformen f\u00fcr die Stadtentwicklung, Stadtplanung Wien 1997)<\/em><\/p>\n<p>Raum in Bewegung &#8211; sind R\u00e4ume des \u00dcbergangs<em> <\/em><\/p>\n<p><em>(in: Architektur &amp; Bauforum, Heftnr.:194, Mai\/Juni  1998)<\/em><\/p>\n<p>Ein Solarhaus im Reizklima<em> (in: Standard, .18. April 1998)<\/em><\/p>\n<p>Stahl + Glas<em> (in: architektur Fachmagazin, Heft 3, Mai  1998)<\/em><\/p>\n<p>Bauliche Begegnung<em> (in: trend spezial 1\/99-3b, Ihr neues Haus, J\u00e4nner.1999)<\/em><\/p>\n<p>Transparente Schatulle<em> (in: Standard, .2. Oktober 1999)<\/em><\/p>\n<p>Holzbau in K\u00e4rnten<em> (in: proholz k\u00e4rnten, Helmut Pierer, M\u00e4rz 2000)<\/em><\/p>\n<p>Holzarchitektur Steiermark<em> (in: proholz steiermark, Hsg. H. Pierer, Sept. 2000)<\/em><\/p>\n<p>Architektur und Natur \u2013 Zeitgem\u00e4\u00dfes Bauen in l\u00e4ndlichen Regionen<em> <\/em><\/p>\n<p><em>(in: Nationalpark Hohe Tauern, Tagungsband Heiligenblut, September 2000)<\/em><\/p>\n<p>Kreativer Umgang mit Holz<em> (in: Journal Kleine Zeitung, Klagenfurt, Nov. 2000)<\/em><\/p>\n<p>Haus f\u00fcr einen Bildersammler<em> <\/em><\/p>\n<p><em>(in: Einfamilienh\u00e4user umbauen und erweitern, S. Isphording, Callwey, <\/em><em>M\u00fcnchen.2001)<\/em><\/p>\n<p>In eigener Sache \u2013 B\u00fcroumbau Laser Verlag<em> (in: architektur spezial, Nov. 2001)<\/em><\/p>\n<p>LIVING &#8211;\u00a0Die GESIBA \u2013 Beitr\u00e4ge zur Stadt- und Wohnkultur<em> (Hsg.: Gesiba, Wien, 2001)<\/em><\/p>\n<p><strong>KOMMENTARE<\/strong><\/p>\n<p>Anmerkungen zur Ethik in der Architektur<em> (in: arch. fachmagazin, Heft 1 &#8211; Feb. 2002)<\/em><\/p>\n<p>Architektur-Olympiade<em> (in: arch. fachmagazin, Heft 2 &#8211; M\u00e4rz 2002)<\/em><\/p>\n<p>\u00dcber die Vernunft des Bauens<em> (in: arch. fachmagazin, Heft 3 &#8211; April 2002)<\/em><\/p>\n<p>Rahmen f\u00fcr die Kunst &#8211; Haus f\u00fcr einen Bildersammler<em> (in: architektur, Heft 3 &#8211; April 2002)<\/em><\/p>\n<p>Aufgebaut\u2013 umgebaut \u2013 zugebaut &#8211; \u00fcberbaut &#8211; verbaut<em> (in: architektur, Heft 4 &#8211; Mai 2002)<\/em><\/p>\n<p>P2 \u2013 im Schlagschatten nichts Neues<em> (in: architektur, Heft 6 &#8211; Sept. 2002)<\/em><\/p>\n","protected":false},"excerpt":{"rendered":"<p>Idden zur Erweiterung der Hochschule und des Museums f\u00fcr angewandte Kunst in Wien Meisterklasse f\u00fcr Architektur Prof. Holzbauer Hochschule f\u00fcr angewandte Kunst, Wien, M\u00e4rz 1980. Arbeiten der Meisterklasse f\u00fcr Architektur W. Holzbauer (in: Projekte, Studien und Skizzen 1977-1981, Wien 1981). Veldner Architektur-Impressionen (in: Kleine Zeitung 1982). Ein Haus f\u00fcr Karl Friedrich Schinkel (in: Sterz Nr.21, [&hellip;]<\/p>\n","protected":false},"author":1,"featured_media":0,"parent":0,"menu_order":0,"comment_status":"open","ping_status":"open","template":"","meta":[],"_links":{"self":[{"href":"http:\/\/www.schurzundpartners.at\/wp\/index.php?rest_route=\/wp\/v2\/pages\/9"}],"collection":[{"href":"http:\/\/www.schurzundpartners.at\/wp\/index.php?rest_route=\/wp\/v2\/pages"}],"about":[{"href":"http:\/\/www.schurzundpartners.at\/wp\/index.php?rest_route=\/wp\/v2\/types\/page"}],"author":[{"embeddable":true,"href":"http:\/\/www.schurzundpartners.at\/wp\/index.php?rest_route=\/wp\/v2\/users\/1"}],"replies":[{"embeddable":true,"href":"http:\/\/www.schurzundpartners.at\/wp\/index.php?rest_route=%2Fwp%2Fv2%2Fcomments&post=9"}],"version-history":[{"count":20,"href":"http:\/\/www.schurzundpartners.at\/wp\/index.php?rest_route=\/wp\/v2\/pages\/9\/revisions"}],"predecessor-version":[{"id":846,"href":"http:\/\/www.schurzundpartners.at\/wp\/index.php?rest_route=\/wp\/v2\/pages\/9\/revisions\/846"}],"wp:attachment":[{"href":"http:\/\/www.schurzundpartners.at\/wp\/index.php?rest_route=%2Fwp%2Fv2%2Fmedia&parent=9"}],"curies":[{"name":"wp","href":"https:\/\/api.w.org\/{rel}","templated":true}]}}